{"id":4,"date":"2024-03-21T10:17:19","date_gmt":"2024-03-21T09:17:19","guid":{"rendered":"http:\/\/sergiomonterolopez.com\/?page_id=4"},"modified":"2025-09-30T07:08:48","modified_gmt":"2025-09-30T05:08:48","slug":"emprendedores-y-autonomos","status":"publish","type":"page","link":"https:\/\/sergiomonterolopez.com\/","title":{"rendered":"Archivos y hemerotecas"},"content":{"rendered":"\n<p class=\"has-text-align-center has-nv-site-bg-background-color has-text-color has-background has-link-color wp-elements-150d6978ecbeb245dd1469798f04dd43\" style=\"color:#40741c;font-size:27px\">Aqu\u00ed encontrar\u00e1s revistas y prensa hist\u00f3rica, autores y libros de dominio p\u00fablico sin derechos de autor. <\/p>\n\n\n\n<div class=\"wp-block-columns is-layout-flex wp-container-core-columns-is-layout-1 wp-block-columns-is-layout-flex\" style=\"border-style:none;border-width:0px\">\n<div class=\"wp-block-column has-nv-site-bg-background-color has-background is-layout-flow wp-block-column-is-layout-flow\">\n<h2 class=\"wp-block-heading has-text-align-center\">Prensa hist\u00f3rica hasta 1954<\/h2>\n<\/div>\n\n\n\n<div class=\"wp-block-column has-nv-site-bg-background-color has-background is-layout-flow wp-block-column-is-layout-flow\">\n<h2 class=\"wp-block-heading has-text-align-center\">Revistas hist\u00f3ricas hasta 1954<\/h2>\n<\/div>\n\n\n\n<div class=\"wp-block-column has-nv-site-bg-background-color has-background is-layout-flow wp-block-column-is-layout-flow\">\n<h2 class=\"wp-block-heading has-text-align-center\"><a href=\"https:\/\/sergiomonterolopez.com\/?cat=30\">Libros sin derecho de autor<\/a><\/h2>\n<\/div>\n<\/div>\n\n\n\n<div class=\"wp-block-columns is-layout-flex wp-container-core-columns-is-layout-2 wp-block-columns-is-layout-flex\" style=\"border-style:none;border-width:0px\">\n<div class=\"wp-block-column has-nv-text-dark-bg-background-color has-background is-layout-flow wp-block-column-is-layout-flow\">\n<h2 class=\"wp-block-heading has-text-align-center\">Enciclopedias antes de 1936<\/h2>\n<\/div>\n\n\n\n<div class=\"wp-block-column has-nv-text-dark-bg-background-color has-background is-layout-flow wp-block-column-is-layout-flow\">\n<h2 class=\"wp-block-heading has-text-align-center\">diccionarios antes de 1936<\/h2>\n<\/div>\n\n\n\n<div class=\"wp-block-column has-nv-text-dark-bg-background-color has-background is-layout-flow wp-block-column-is-layout-flow\">\n<h2 class=\"wp-block-heading has-text-align-center\">Editoriales hist\u00f3ricas hasta el siglo XX<\/h2>\n<\/div>\n<\/div>\n\n\n\n<div style=\"height:0px\" aria-hidden=\"true\" class=\"wp-block-spacer\"><\/div>\n\n\n\n<p class=\"has-text-align-center has-nv-text-dark-bg-background-color has-text-color has-background has-link-color wp-elements-70681051a76416dcc3e56734c5bf10c6\" style=\"color:#40741c;font-size:27px\"><\/p>\n","protected":false},"excerpt":{"rendered":"<p>Aqu\u00ed encontrar\u00e1s revistas y prensa hist\u00f3rica, autores y libros de dominio p\u00fablico sin derechos de autor. Prensa hist\u00f3rica hasta 1954 Revistas hist\u00f3ricas hasta 1954 Libros sin derecho de autor Enciclopedias antes de 1936 diccionarios antes de 1936 Editoriales hist\u00f3ricas hasta el siglo XX<\/p>\n","protected":false},"author":1,"featured_media":0,"parent":0,"menu_order":0,"comment_status":"closed","ping_status":"closed","template":"","meta":{"neve_meta_sidebar":"","neve_meta_container":"","neve_meta_enable_content_width":"","neve_meta_content_width":0,"neve_meta_title_alignment":"","neve_meta_author_avatar":"","neve_post_elements_order":"","neve_meta_disable_header":"","neve_meta_disable_footer":"","neve_meta_disable_title":"","footnotes":""},"class_list":["post-4","page","type-page","status-publish","hentry"],"yoast_head":"<!-- This site is optimized with the Yoast SEO plugin v23.8 - https:\/\/yoast.com\/wordpress\/plugins\/seo\/ -->\n<title>Archivos y hemerotecas - Libros y prensa antigua<\/title>\n<meta name=\"description\" content=\"Los emprendedores y aut\u00f3nomos generan ingresos asumiendo la responsabilidad de gestionar tu tiempo y actividad laboral\" \/>\n<meta name=\"robots\" content=\"index, follow, max-snippet:-1, max-image-preview:large, max-video-preview:-1\" \/>\n<link rel=\"canonical\" href=\"https:\/\/sergiomonterolopez.com\/\" \/>\n<meta property=\"og:locale\" content=\"es_ES\" \/>\n<meta property=\"og:type\" content=\"article\" \/>\n<meta property=\"og:title\" content=\"Archivos y hemerotecas - Libros y prensa antigua\" \/>\n<meta property=\"og:description\" content=\"Los emprendedores y aut\u00f3nomos generan ingresos asumiendo la responsabilidad de gestionar tu tiempo y actividad laboral\" \/>\n<meta property=\"og:url\" content=\"https:\/\/sergiomonterolopez.com\/\" \/>\n<meta property=\"og:site_name\" content=\"Libros y prensa antigua\" \/>\n<meta property=\"article:modified_time\" content=\"2025-09-30T05:08:48+00:00\" \/>\n<meta name=\"twitter:card\" content=\"summary_large_image\" \/>\n<meta name=\"twitter:label1\" content=\"Tiempo de lectura\" \/>\n\t<meta name=\"twitter:data1\" content=\"1 minuto\" \/>\n<script type=\"application\/ld+json\" class=\"yoast-schema-graph\">{\"@context\":\"https:\/\/schema.org\",\"@graph\":[{\"@type\":\"WebPage\",\"@id\":\"https:\/\/sergiomonterolopez.com\/\",\"url\":\"https:\/\/sergiomonterolopez.com\/\",\"name\":\"Archivos y hemerotecas - Libros y prensa antigua\",\"isPartOf\":{\"@id\":\"https:\/\/sergiomonterolopez.com\/#website\"},\"datePublished\":\"2024-03-21T09:17:19+00:00\",\"dateModified\":\"2025-09-30T05:08:48+00:00\",\"description\":\"Los emprendedores y aut\u00f3nomos generan ingresos asumiendo la responsabilidad de gestionar tu tiempo y actividad laboral\",\"breadcrumb\":{\"@id\":\"https:\/\/sergiomonterolopez.com\/#breadcrumb\"},\"inLanguage\":\"es\",\"potentialAction\":[{\"@type\":\"ReadAction\",\"target\":[\"https:\/\/sergiomonterolopez.com\/\"]}]},{\"@type\":\"BreadcrumbList\",\"@id\":\"https:\/\/sergiomonterolopez.com\/#breadcrumb\",\"itemListElement\":[{\"@type\":\"ListItem\",\"position\":1,\"name\":\"Portada\",\"item\":\"https:\/\/sergiomonterolopez.com\/\"},{\"@type\":\"ListItem\",\"position\":2,\"name\":\"Archivos y hemerotecas\"}]},{\"@type\":\"WebSite\",\"@id\":\"https:\/\/sergiomonterolopez.com\/#website\",\"url\":\"https:\/\/sergiomonterolopez.com\/\",\"name\":\"Libros y prensa antigua\",\"description\":\"\",\"publisher\":{\"@id\":\"https:\/\/sergiomonterolopez.com\/#organization\"},\"potentialAction\":[{\"@type\":\"SearchAction\",\"target\":{\"@type\":\"EntryPoint\",\"urlTemplate\":\"https:\/\/sergiomonterolopez.com\/?s={search_term_string}\"},\"query-input\":{\"@type\":\"PropertyValueSpecification\",\"valueRequired\":true,\"valueName\":\"search_term_string\"}}],\"inLanguage\":\"es\"},{\"@type\":\"Organization\",\"@id\":\"https:\/\/sergiomonterolopez.com\/#organization\",\"name\":\"Libros y prensa antigua\",\"url\":\"https:\/\/sergiomonterolopez.com\/\",\"logo\":{\"@type\":\"ImageObject\",\"inLanguage\":\"es\",\"@id\":\"https:\/\/sergiomonterolopez.com\/#\/schema\/logo\/image\/\",\"url\":\"https:\/\/sergiomonterolopez.com\/wp-content\/uploads\/2024\/04\/cropped-cropped-cropped-logo-favicon-1-e1730399280904.png\",\"contentUrl\":\"https:\/\/sergiomonterolopez.com\/wp-content\/uploads\/2024\/04\/cropped-cropped-cropped-logo-favicon-1-e1730399280904.png\",\"width\":50,\"height\":65,\"caption\":\"Libros y prensa antigua\"},\"image\":{\"@id\":\"https:\/\/sergiomonterolopez.com\/#\/schema\/logo\/image\/\"}}]}<\/script>\n<!-- \/ Yoast SEO plugin. -->","yoast_head_json":{"title":"Archivos y hemerotecas - Libros y prensa antigua","description":"Los emprendedores y aut\u00f3nomos generan ingresos asumiendo la responsabilidad de gestionar tu tiempo y actividad laboral","robots":{"index":"index","follow":"follow","max-snippet":"max-snippet:-1","max-image-preview":"max-image-preview:large","max-video-preview":"max-video-preview:-1"},"canonical":"https:\/\/sergiomonterolopez.com\/","og_locale":"es_ES","og_type":"article","og_title":"Archivos y hemerotecas - Libros y prensa antigua","og_description":"Los emprendedores y aut\u00f3nomos generan ingresos asumiendo la responsabilidad de gestionar tu tiempo y actividad laboral","og_url":"https:\/\/sergiomonterolopez.com\/","og_site_name":"Libros y prensa antigua","article_modified_time":"2025-09-30T05:08:48+00:00","twitter_card":"summary_large_image","twitter_misc":{"Tiempo de lectura":"1 minuto"},"schema":{"@context":"https:\/\/schema.org","@graph":[{"@type":"WebPage","@id":"https:\/\/sergiomonterolopez.com\/","url":"https:\/\/sergiomonterolopez.com\/","name":"Archivos y hemerotecas - Libros y prensa antigua","isPartOf":{"@id":"https:\/\/sergiomonterolopez.com\/#website"},"datePublished":"2024-03-21T09:17:19+00:00","dateModified":"2025-09-30T05:08:48+00:00","description":"Los emprendedores y aut\u00f3nomos generan ingresos asumiendo la responsabilidad de gestionar tu tiempo y actividad laboral","breadcrumb":{"@id":"https:\/\/sergiomonterolopez.com\/#breadcrumb"},"inLanguage":"es","potentialAction":[{"@type":"ReadAction","target":["https:\/\/sergiomonterolopez.com\/"]}]},{"@type":"BreadcrumbList","@id":"https:\/\/sergiomonterolopez.com\/#breadcrumb","itemListElement":[{"@type":"ListItem","position":1,"name":"Portada","item":"https:\/\/sergiomonterolopez.com\/"},{"@type":"ListItem","position":2,"name":"Archivos y hemerotecas"}]},{"@type":"WebSite","@id":"https:\/\/sergiomonterolopez.com\/#website","url":"https:\/\/sergiomonterolopez.com\/","name":"Libros y prensa antigua","description":"","publisher":{"@id":"https:\/\/sergiomonterolopez.com\/#organization"},"potentialAction":[{"@type":"SearchAction","target":{"@type":"EntryPoint","urlTemplate":"https:\/\/sergiomonterolopez.com\/?s={search_term_string}"},"query-input":{"@type":"PropertyValueSpecification","valueRequired":true,"valueName":"search_term_string"}}],"inLanguage":"es"},{"@type":"Organization","@id":"https:\/\/sergiomonterolopez.com\/#organization","name":"Libros y prensa antigua","url":"https:\/\/sergiomonterolopez.com\/","logo":{"@type":"ImageObject","inLanguage":"es","@id":"https:\/\/sergiomonterolopez.com\/#\/schema\/logo\/image\/","url":"https:\/\/sergiomonterolopez.com\/wp-content\/uploads\/2024\/04\/cropped-cropped-cropped-logo-favicon-1-e1730399280904.png","contentUrl":"https:\/\/sergiomonterolopez.com\/wp-content\/uploads\/2024\/04\/cropped-cropped-cropped-logo-favicon-1-e1730399280904.png","width":50,"height":65,"caption":"Libros y prensa antigua"},"image":{"@id":"https:\/\/sergiomonterolopez.com\/#\/schema\/logo\/image\/"}}]}},"_links":{"self":[{"href":"https:\/\/sergiomonterolopez.com\/index.php?rest_route=\/wp\/v2\/pages\/4"}],"collection":[{"href":"https:\/\/sergiomonterolopez.com\/index.php?rest_route=\/wp\/v2\/pages"}],"about":[{"href":"https:\/\/sergiomonterolopez.com\/index.php?rest_route=\/wp\/v2\/types\/page"}],"author":[{"embeddable":true,"href":"https:\/\/sergiomonterolopez.com\/index.php?rest_route=\/wp\/v2\/users\/1"}],"replies":[{"embeddable":true,"href":"https:\/\/sergiomonterolopez.com\/index.php?rest_route=%2Fwp%2Fv2%2Fcomments&post=4"}],"version-history":[{"count":78,"href":"https:\/\/sergiomonterolopez.com\/index.php?rest_route=\/wp\/v2\/pages\/4\/revisions"}],"predecessor-version":[{"id":1022,"href":"https:\/\/sergiomonterolopez.com\/index.php?rest_route=\/wp\/v2\/pages\/4\/revisions\/1022"}],"wp:attachment":[{"href":"https:\/\/sergiomonterolopez.com\/index.php?rest_route=%2Fwp%2Fv2%2Fmedia&parent=4"}],"curies":[{"name":"wp","href":"https:\/\/api.w.org\/{rel}","templated":true}]}}